{"id":2186,"date":"2026-04-08T13:09:18","date_gmt":"2026-04-08T16:09:18","guid":{"rendered":"https:\/\/nippoup.jp\/?page_id=2186"},"modified":"2026-04-17T12:48:48","modified_gmt":"2026-04-17T15:48:48","slug":"termos-de-uso","status":"publish","type":"page","link":"https:\/\/nippoup.jp\/ja\/termos-de-uso\/","title":{"rendered":"\u5229\u7528\u898f\u7d04"},"content":{"rendered":"\t\t<div data-elementor-type=\"wp-page\" data-elementor-id=\"2186\" class=\"elementor elementor-2186\" data-elementor-post-type=\"page\">\n\t\t\t\t<div class=\"elementor-element elementor-element-0a886b9 nipp-hero e-flex e-con-boxed e-con e-parent\" data-id=\"0a886b9\" data-element_type=\"container\" data-e-type=\"container\" data-settings=\"{&quot;background_background&quot;:&quot;classic&quot;}\">\n\t\t\t\t\t<div class=\"e-con-inner\">\n\t\t<div class=\"elementor-element elementor-element-196f106 e-con-full e-flex e-con e-child\" data-id=\"196f106\" data-element_type=\"container\" data-e-type=\"container\" data-settings=\"{&quot;background_background&quot;:&quot;classic&quot;}\" data-no-translation=\"\">\n\t\t\t\t<div class=\"elementor-element elementor-element-6891cfb elementor-widget-mobile__width-initial block-reveal elementor-widget elementor-widget-heading\" data-id=\"6891cfb\" data-element_type=\"widget\" data-e-type=\"widget\" data-block-color=\"#00E5B0\" data-stagger=\"0.15\" data-duration=\"0.45\" data-delay=\"0\" data-widget_type=\"heading.default\">\n\t\t\t\t\t<h2 class=\"elementor-heading-title elementor-size-default\">\u5229\u7528\u898f\u7d04\n<\/h2>\t\t\t\t<\/div>\n\t\t\t\t<div class=\"elementor-element elementor-element-6d38c73 elementor-widget elementor-widget-text-editor\" data-id=\"6d38c73\" data-element_type=\"widget\" data-e-type=\"widget\" data-widget_type=\"text-editor.default\">\n\t\t\t\t\t\t\t\t\t<h3><b>2. \u5229\u7528\u898f\u7d04<\/b><\/h3>\n<span style=\"font-weight: 400;\">\u6700\u7d42\u66f4\u65b0\u65e5\uff1a [\u6700\u7d42\u66f4\u65b0\u65e5]<\/span>\n\n<span style=\"font-weight: 400;\">\u3053\u306e\u5229\u7528\u898f\u7d04\uff08\u4ee5\u4e0b\u300c\u672c\u898f\u7d04\u300d\u3068\u3044\u3044\u307e\u3059\uff09\u306f\u3001NippoUp\uff08\u4ee5\u4e0b\u300c\u5f53\u793e\u300d\u3068\u3044\u3044\u307e\u3059\uff09\u304c\u904b\u55b6\u3059\u308b\u30a6\u30a7\u30d6\u30b5\u30a4\u30c8 nippoup.jp \u306e\u5229\u7528\u6761\u4ef6\u3092\u5b9a\u3081\u308b\u3082\u306e\u3067\u3059\u3002<\/span>\n\n<span style=\"font-weight: 400;\">\u672c\u30b5\u30a4\u30c8\u3092\u5229\u7528\u3055\u308c\u308b\u65b9\u306f\u3001\u672c\u898f\u7d04\u306b\u540c\u610f\u3057\u305f\u3082\u306e\u3068\u307f\u306a\u3057\u307e\u3059\u3002<\/span>\n\n<h3><b>1. \u672c\u30b5\u30a4\u30c8\u306e\u76ee\u7684<\/b><\/h3>\n<span style=\"font-weight: 400;\">\u672c\u30b5\u30a4\u30c8\u306f\u3001\u5f53\u793e\u306e\u4e8b\u696d\u5185\u5bb9\u3001\u30b5\u30fc\u30d3\u30b9\u3001\u5b9f\u7e3e\u3001\u30d7\u30ed\u30b8\u30a7\u30af\u30c8\u3001\u9023\u7d61\u624b\u6bb5\u7b49\u3092\u6848\u5185\u3059\u308b\u3053\u3068\u3092\u76ee\u7684\u3068\u3059\u308b\u3001\u6cd5\u4eba\u5411\u3051\u30fb\u5546\u8ac7\u5411\u3051\u306e\u60c5\u5831\u63d0\u4f9b\u30b5\u30a4\u30c8\u3067\u3059\u3002<\/span>\n\n<span style=\"font-weight: 400;\">\u672c\u30b5\u30a4\u30c8\u4e0a\u306e\u60c5\u5831\u306f\u3001\u5951\u7d04\u306e\u7533\u8fbc\u307f\u3001\u6b63\u5f0f\u306a\u898b\u7a4d\u308a\u3001\u6210\u679c\u4fdd\u8a3c\u305d\u306e\u4ed6\u306e\u6cd5\u7684\u62d8\u675f\u529b\u3092\u6709\u3059\u308b\u8868\u793a\u3092\u69cb\u6210\u3059\u308b\u3082\u306e\u3067\u306f\u3042\u308a\u307e\u305b\u3093\u3002<\/span>\n\n<h3><b>2. \u5229\u7528\u8005\u306e\u9075\u5b88\u4e8b\u9805<\/b><\/h3>\n<span style=\"font-weight: 400;\">\u5229\u7528\u8005\u306f\u3001\u672c\u30b5\u30a4\u30c8\u306e\u5229\u7528\u306b\u3042\u305f\u308a\u3001\u4ee5\u4e0b\u306e\u884c\u70ba\u3092\u884c\u3063\u3066\u306f\u306a\u308a\u307e\u305b\u3093\u3002<\/span>\n<ul>\n \t<li style=\"font-weight: 400;\" aria-level=\"1\"><span style=\"font-weight: 400;\">\u6cd5\u4ee4\u307e\u305f\u306f\u516c\u5e8f\u826f\u4fd7\u306b\u53cd\u3059\u308b\u884c\u70ba<\/span><\/li>\n \t<li style=\"font-weight: 400;\" aria-level=\"1\"><span style=\"font-weight: 400;\">\u5f53\u793e\u307e\u305f\u306f\u7b2c\u4e09\u8005\u306e\u6a29\u5229\u30fb\u5229\u76ca\u3092\u4fb5\u5bb3\u3059\u308b\u884c\u70ba<\/span><\/li>\n \t<li style=\"font-weight: 400;\" aria-level=\"1\"><span style=\"font-weight: 400;\">\u672c\u30b5\u30a4\u30c8\u307e\u305f\u306f\u95a2\u9023\u30b7\u30b9\u30c6\u30e0\u3078\u306e\u4e0d\u6b63\u30a2\u30af\u30bb\u30b9<\/span><\/li>\n \t<li style=\"font-weight: 400;\" aria-level=\"1\"><span style=\"font-weight: 400;\">\u672c\u30b5\u30a4\u30c8\u306e\u904b\u55b6\u3092\u59a8\u5bb3\u3059\u308b\u884c\u70ba<\/span><\/li>\n \t<li style=\"font-weight: 400;\" aria-level=\"1\"><span style=\"font-weight: 400;\">\u865a\u507d\u306e\u60c5\u5831\u3092\u9001\u4fe1\u3059\u308b\u884c\u70ba<\/span><\/li>\n \t<li style=\"font-weight: 400;\" aria-level=\"1\"><span style=\"font-weight: 400;\">\u30b9\u30d1\u30e0\u305d\u306e\u4ed6\u4e0d\u9069\u5207\u306a\u5185\u5bb9\u3092\u9001\u4fe1\u3059\u308b\u884c\u70ba<\/span><\/li>\n \t<li style=\"font-weight: 400;\" aria-level=\"1\"><span style=\"font-weight: 400;\">\u5f53\u793e\u306e\u8a31\u53ef\u306a\u304f\u3001\u672c\u30b5\u30a4\u30c8\u4e0a\u306e\u30b3\u30f3\u30c6\u30f3\u30c4\u3092\u8ee2\u8f09\u3001\u8907\u88fd\u3001\u914d\u5e03\u3001\u6539\u5909\u3001\u5546\u7528\u5229\u7528\u3059\u308b\u884c\u70ba<\/span><\/li>\n<\/ul>\n\n<h3><b>3. \u77e5\u7684\u8ca1\u7523\u6a29<\/b><\/h3>\n<span style=\"font-weight: 400;\">\u672c\u30b5\u30a4\u30c8\u306b\u63b2\u8f09\u3055\u308c\u308b\u6587\u7ae0\u3001\u753b\u50cf\u3001\u52d5\u753b\u3001\u30ed\u30b4\u3001\u30ec\u30a4\u30a2\u30a6\u30c8\u3001\u30c7\u30b6\u30a4\u30f3\u3001\u540d\u79f0\u305d\u306e\u4ed6\u4e00\u5207\u306e\u30b3\u30f3\u30c6\u30f3\u30c4\u306b\u95a2\u3059\u308b\u6a29\u5229\u306f\u3001\u5f53\u793e\u307e\u305f\u306f\u6b63\u5f53\u306a\u6a29\u5229\u8005\u306b\u5e30\u5c5e\u3057\u307e\u3059\u3002<\/span>\n\n<span style=\"font-weight: 400;\">\u5f53\u793e\u306e\u4e8b\u524d\u627f\u8afe\u306a\u304f\u3001\u3053\u308c\u3089\u3092\u4f7f\u7528\u3059\u308b\u3053\u3068\u306f\u3067\u304d\u307e\u305b\u3093\u3002<\/span>\n\n<h3><b>4. \u60c5\u5831\u306e\u6b63\u78ba\u6027\u7b49<\/b><\/h3>\n<span style=\"font-weight: 400;\">\u5f53\u793e\u306f\u3001\u672c\u30b5\u30a4\u30c8\u4e0a\u306e\u60c5\u5831\u306b\u3064\u3044\u3066\u3001\u6b63\u78ba\u6027\u3001\u5b8c\u5168\u6027\u3001\u6709\u7528\u6027\u3001\u6700\u65b0\u6027\u7b49\u306b\u52aa\u3081\u307e\u3059\u304c\u3001\u305d\u308c\u3089\u3092\u4fdd\u8a3c\u3059\u308b\u3082\u306e\u3067\u306f\u3042\u308a\u307e\u305b\u3093\u3002<\/span>\n\n<span style=\"font-weight: 400;\">\u307e\u305f\u3001\u5f53\u793e\u306f\u3001\u4e88\u544a\u306a\u304f\u672c\u30b5\u30a4\u30c8\u306e\u5185\u5bb9\u3092\u5909\u66f4\u3001\u66f4\u65b0\u3001\u524a\u9664\u3001\u505c\u6b62\u3059\u308b\u5834\u5408\u304c\u3042\u308a\u307e\u3059\u3002<\/span>\n\n<h3><b>5. \u5916\u90e8\u30ea\u30f3\u30af<\/b><\/h3>\n<span style=\"font-weight: 400;\">\u672c\u30b5\u30a4\u30c8\u306b\u306f\u7b2c\u4e09\u8005\u304c\u904b\u55b6\u3059\u308b\u5916\u90e8\u30b5\u30a4\u30c8\u3078\u306e\u30ea\u30f3\u30af\u304c\u542b\u307e\u308c\u308b\u5834\u5408\u304c\u3042\u308a\u307e\u3059\u3002\u5916\u90e8\u30b5\u30a4\u30c8\u306e\u5185\u5bb9\u3001\u904b\u55b6\u3001\u30dd\u30ea\u30b7\u30fc\u7b49\u306b\u3064\u3044\u3066\u3001\u5f53\u793e\u306f\u8cac\u4efb\u3092\u8ca0\u3044\u307e\u305b\u3093\u3002<\/span>\n\n<h3><b>6. \u514d\u8cac\u4e8b\u9805<\/b><\/h3>\n<span style=\"font-weight: 400;\">\u5f53\u793e\u306f\u3001\u6cd5\u4ee4\u4e0a\u8a31\u5bb9\u3055\u308c\u308b\u7bc4\u56f2\u3067\u3001\u672c\u30b5\u30a4\u30c8\u306e\u5229\u7528\u307e\u305f\u306f\u5229\u7528\u4e0d\u80fd\u3001\u60c5\u5831\u306e\u8aa4\u308a\u3001\u5916\u90e8\u30ea\u30f3\u30af\u3001\u901a\u4fe1\u969c\u5bb3\u3001\u30b7\u30b9\u30c6\u30e0\u969c\u5bb3\u7b49\u306b\u3088\u308a\u751f\u3058\u305f\u640d\u5bb3\u306b\u3064\u3044\u3066\u8cac\u4efb\u3092\u8ca0\u3044\u307e\u305b\u3093\u3002<\/span>\n\n<h3><b>7. \u30d5\u30a9\u30fc\u30e0\u9001\u4fe1\u306b\u3064\u3044\u3066<\/b><\/h3>\n<span style=\"font-weight: 400;\">\u672c\u30b5\u30a4\u30c8\u306e\u30d5\u30a9\u30fc\u30e0\u9001\u4fe1\u306f\u3001\u304a\u554f\u3044\u5408\u308f\u305b\u307e\u305f\u306f\u76f8\u8ac7\u306e\u53d7\u4ed8\u3092\u76ee\u7684\u3068\u3059\u308b\u3082\u306e\u3067\u3042\u308a\u3001\u5f53\u793e\u306b\u3088\u308b\u6848\u4ef6\u53d7\u8a17\u3001\u5951\u7d04\u6210\u7acb\u3001\u8fd4\u4fe1\u4fdd\u8a3c\u7b49\u3092\u610f\u5473\u3059\u308b\u3082\u306e\u3067\u306f\u3042\u308a\u307e\u305b\u3093\u3002<\/span>\n\n<span style=\"font-weight: 400;\">\u5f53\u793e\u306f\u3001\u5185\u5bb9\u3001\u72b6\u6cc1\u3001\u5bfe\u5fdc\u53ef\u80fd\u7bc4\u56f2\u7b49\u3092\u8e0f\u307e\u3048\u3001\u5fc5\u8981\u306b\u5fdc\u3058\u3066\u3054\u9023\u7d61\u3092\u884c\u3044\u307e\u3059\u3002<\/span>\n\n<h3><b>8. \u898f\u7d04\u306e\u5909\u66f4<\/b><\/h3>\n<span style=\"font-weight: 400;\">\u5f53\u793e\u306f\u3001\u5fc5\u8981\u306b\u5fdc\u3058\u3066\u672c\u898f\u7d04\u3092\u5909\u66f4\u3059\u308b\u3053\u3068\u304c\u3042\u308a\u307e\u3059\u3002\u5909\u66f4\u5f8c\u306e\u898f\u7d04\u306f\u3001\u672c\u30b5\u30a4\u30c8\u306b\u63b2\u8f09\u3057\u305f\u6642\u70b9\u304b\u3089\u9069\u7528\u3055\u308c\u307e\u3059\u3002<\/span>\n\n<h3><b>9. \u6e96\u62e0\u6cd5\u304a\u3088\u3073\u7ba1\u8f44<\/b><\/h3>\n<span style=\"font-weight: 400;\">\u672c\u898f\u7d04\u306f\u65e5\u672c\u6cd5\u306b\u6e96\u62e0\u3057\u3001\u672c\u30b5\u30a4\u30c8\u306e\u5229\u7528\u306b\u95a2\u3057\u3066\u751f\u3058\u308b\u4e00\u5207\u306e\u7d1b\u4e89\u306b\u3064\u3044\u3066\u306f\u3001\u65e5\u672c\u56fd\u5185\u306e\u7ba1\u8f44\u88c1\u5224\u6240\u3092\u7b2c\u4e00\u5be9\u306e\u5c02\u5c5e\u7684\u5408\u610f\u7ba1\u8f44\u3068\u3057\u307e\u3059\u3002<\/span>\n\n<h3><b>10. \u304a\u554f\u3044\u5408\u308f\u305b\u5148<\/b><\/h3>\n<b>NippoUp<\/b><b>\n<\/b><span style=\"font-weight: 400;\">Email: <\/span><b>contact@nippoup.jp<\/b><b>\n<\/b><span style=\"font-weight: 400;\">Tel: <\/span><b>049-210-1210<\/b><b>\n<\/b><span style=\"font-weight: 400;\">Tel: <\/span><b>080-4220-3042<\/b><b><\/b>\n\n<h3><b>3. Cookie\u30fb\u5916\u90e8\u9001\u4fe1\u30dd\u30ea\u30b7\u30fc<\/b><\/h3>\n<span style=\"font-weight: 400;\">\u6700\u7d42\u66f4\u65b0\u65e5\uff1a [\u6700\u7d42\u66f4\u65b0\u65e5]<\/span>\n\n<span style=\"font-weight: 400;\">\u5f53\u30b5\u30a4\u30c8 nippoup.jp \u3067\u306f\u3001\u30b5\u30a4\u30c8\u306e\u5229\u4fbf\u6027\u5411\u4e0a\u3001\u5229\u7528\u72b6\u6cc1\u306e\u5206\u6790\u3001\u5e83\u544a\u65bd\u7b56\u306e\u52b9\u679c\u6e2c\u5b9a\u7b49\u3092\u76ee\u7684\u3068\u3057\u3066\u3001Cookie\u3001\u30bf\u30b0\u3001\u30d4\u30af\u30bb\u30eb\u305d\u306e\u4ed6\u3053\u308c\u306b\u985e\u3059\u308b\u6280\u8853\u3092\u5229\u7528\u3059\u308b\u5834\u5408\u304c\u3042\u308a\u307e\u3059\u3002<\/span>\n\n<h3><b>1. Cookie\u7b49\u306b\u3064\u3044\u3066<\/b><\/h3>\n<span style=\"font-weight: 400;\">Cookie\u7b49\u3068\u306f\u3001\u5229\u7528\u8005\u306e\u30d6\u30e9\u30a6\u30b6\u307e\u305f\u306f\u7aef\u672b\u306b\u4fdd\u5b58\u307e\u305f\u306f\u95a2\u9023\u4ed8\u3051\u3089\u308c\u308b\u8b58\u5225\u60c5\u5831\u3067\u3042\u308a\u3001\u30a2\u30af\u30bb\u30b9\u72b6\u6cc1\u3084\u5229\u7528\u5c65\u6b74\u7b49\u3092\u628a\u63e1\u3059\u308b\u305f\u3081\u306b\u4f7f\u7528\u3055\u308c\u307e\u3059\u3002<\/span>\n\n<h3><b>2. \u5229\u7528\u76ee\u7684<\/b><\/h3>\n<span style=\"font-weight: 400;\">\u5f53\u793e\u306f\u3001Cookie\u7b49\u3092\u4ee5\u4e0b\u306e\u76ee\u7684\u3067\u5229\u7528\u3059\u308b\u5834\u5408\u304c\u3042\u308a\u307e\u3059\u3002<\/span>\n<ul>\n \t<li style=\"font-weight: 400;\" aria-level=\"1\"><span style=\"font-weight: 400;\">\u30b5\u30a4\u30c8\u306e\u5229\u7528\u72b6\u6cc1\u5206\u6790<\/span><\/li>\n \t<li style=\"font-weight: 400;\" aria-level=\"1\"><span style=\"font-weight: 400;\">\u5e83\u544a\u65bd\u7b56\u306e\u52b9\u679c\u6e2c\u5b9a<\/span><\/li>\n \t<li style=\"font-weight: 400;\" aria-level=\"1\"><span style=\"font-weight: 400;\">\u30ea\u30de\u30fc\u30b1\u30c6\u30a3\u30f3\u30b0\u304a\u3088\u3073\u5e83\u544a\u914d\u4fe1\u306e\u6700\u9069\u5316<\/span><\/li>\n \t<li style=\"font-weight: 400;\" aria-level=\"1\"><span style=\"font-weight: 400;\">\u30b3\u30f3\u30c6\u30f3\u30c4\u6539\u5584\u304a\u3088\u3073\u30e6\u30fc\u30b6\u30fc\u4f53\u9a13\u5411\u4e0a<\/span><\/li>\n \t<li style=\"font-weight: 400;\" aria-level=\"1\"><span style=\"font-weight: 400;\">\u30b5\u30a4\u30c8\u904b\u55b6\u4e0a\u306e\u6280\u8853\u7684\u78ba\u8a8d\u3001\u5b89\u5168\u6027\u78ba\u4fdd<\/span><\/li>\n<\/ul>\n\n<h3><b>3. \u5229\u7528\u3059\u308b\u5916\u90e8\u30b5\u30fc\u30d3\u30b9<\/b><\/h3>\n<span style=\"font-weight: 400;\">\u5f53\u30b5\u30a4\u30c8\u3067\u306f\u3001\u4ee5\u4e0b\u3092\u542b\u3080\u5916\u90e8\u30b5\u30fc\u30d3\u30b9\u3092\u5229\u7528\u3059\u308b\u5834\u5408\u304c\u3042\u308a\u307e\u3059\u3002<\/span>\n<ul>\n \t<li style=\"font-weight: 400;\" aria-level=\"1\"><span style=\"font-weight: 400;\">Google Analytics<\/span><\/li>\n \t<li style=\"font-weight: 400;\" aria-level=\"1\"><span style=\"font-weight: 400;\">Google Ads<\/span><\/li>\n \t<li style=\"font-weight: 400;\" aria-level=\"1\"><span style=\"font-weight: 400;\">Meta Pixel \/ Meta\u5e83\u544a\u95a2\u9023\u30b5\u30fc\u30d3\u30b9<\/span><\/li>\n \t<li style=\"font-weight: 400;\" aria-level=\"1\"><span style=\"font-weight: 400;\">\u30d5\u30a9\u30fc\u30e0\u3001CRM\u3001\u30aa\u30fc\u30c8\u30e1\u30fc\u30b7\u30e7\u30f3\u95a2\u9023\u30b5\u30fc\u30d3\u30b9<\/span><\/li>\n \t<li style=\"font-weight: 400;\" aria-level=\"1\"><span style=\"font-weight: 400;\">\u30db\u30b9\u30c6\u30a3\u30f3\u30b0\u3001\u30bb\u30ad\u30e5\u30ea\u30c6\u30a3\u3001\u76e3\u8996\u95a2\u9023\u30b5\u30fc\u30d3\u30b9<\/span><\/li>\n<\/ul>\n<span style=\"font-weight: 400;\">\u3053\u308c\u3089\u306e\u30b5\u30fc\u30d3\u30b9\u306b\u3088\u308a\u3001\u5229\u7528\u8005\u306e\u7aef\u672b\u307e\u305f\u306f\u30d6\u30e9\u30a6\u30b6\u304b\u3089\u3001\u4ee5\u4e0b\u306e\u3088\u3046\u306a\u60c5\u5831\u304c\u81ea\u52d5\u7684\u306b\u9001\u4fe1\u3055\u308c\u308b\u5834\u5408\u304c\u3042\u308a\u307e\u3059\u3002<\/span>\n<ul>\n \t<li style=\"font-weight: 400;\" aria-level=\"1\"><span style=\"font-weight: 400;\">IP\u30a2\u30c9\u30ec\u30b9<\/span><\/li>\n \t<li style=\"font-weight: 400;\" aria-level=\"1\"><span style=\"font-weight: 400;\">\u7aef\u672b\u8b58\u5225\u60c5\u5831<\/span><\/li>\n \t<li style=\"font-weight: 400;\" aria-level=\"1\"><span style=\"font-weight: 400;\">\u30d6\u30e9\u30a6\u30b6\u60c5\u5831<\/span><\/li>\n \t<li style=\"font-weight: 400;\" aria-level=\"1\"><span style=\"font-weight: 400;\">\u95b2\u89a7\u30da\u30fc\u30b8<\/span><\/li>\n \t<li style=\"font-weight: 400;\" aria-level=\"1\"><span style=\"font-weight: 400;\">\u30a2\u30af\u30bb\u30b9\u65e5\u6642<\/span><\/li>\n \t<li style=\"font-weight: 400;\" aria-level=\"1\"><span style=\"font-weight: 400;\">\u6d41\u5165\u5143\u60c5\u5831<\/span><\/li>\n \t<li style=\"font-weight: 400;\" aria-level=\"1\"><span style=\"font-weight: 400;\">\u30b5\u30a4\u30c8\u5185\u30a4\u30d9\u30f3\u30c8\u3084\u64cd\u4f5c\u5c65\u6b74<\/span><\/li>\n<\/ul>\n\n<h3><b>4. \u5916\u90e8\u9001\u4fe1\u306b\u3064\u3044\u3066<\/b><\/h3>\n<span style=\"font-weight: 400;\">\u5f53\u30b5\u30a4\u30c8\u3067\u306f\u3001\u5206\u6790\u3001\u5e83\u544a\u3001\u30b7\u30b9\u30c6\u30e0\u904b\u7528\u3001\u5229\u4fbf\u6027\u5411\u4e0a\u7b49\u306e\u76ee\u7684\u3067\u3001\u5229\u7528\u8005\u306b\u95a2\u3059\u308b\u4e00\u5b9a\u306e\u60c5\u5831\u304c\u3001\u5916\u90e8\u30b5\u30fc\u30d3\u30b9\u63d0\u4f9b\u4e8b\u696d\u8005\u3078\u81ea\u52d5\u9001\u4fe1\u3055\u308c\u308b\u5834\u5408\u304c\u3042\u308a\u307e\u3059\u3002<\/span>\n\n<h3><b>5. \u5229\u7528\u8005\u306b\u3088\u308b\u5236\u5fa1<\/b><\/h3>\n<span style=\"font-weight: 400;\">\u5229\u7528\u8005\u306f\u3001\u30d6\u30e9\u30a6\u30b6\u8a2d\u5b9a\u306e\u5909\u66f4\u7b49\u306b\u3088\u308a\u3001Cookie\u306e\u4fdd\u5b58\u62d2\u5426\u3084\u524a\u9664\u3092\u884c\u3046\u3053\u3068\u304c\u3067\u304d\u307e\u3059\u3002<\/span>\n\n<span style=\"font-weight: 400;\">\u305f\u3060\u3057\u3001\u3053\u308c\u306b\u3088\u308a\u672c\u30b5\u30a4\u30c8\u306e\u4e00\u90e8\u6a5f\u80fd\u304c\u6b63\u5e38\u306b\u52d5\u4f5c\u3057\u306a\u3044\u5834\u5408\u304c\u3042\u308a\u307e\u3059\u3002<\/span>\n\n<h3><b>6. \u6539\u5b9a<\/b><\/h3>\n<span style=\"font-weight: 400;\">\u5f53\u793e\u306f\u3001\u5229\u7528\u3059\u308b\u6280\u8853\u3001\u904b\u7528\u4f53\u5236\u3001\u6cd5\u4ee4\u7b49\u306e\u5909\u66f4\u306b\u5fdc\u3058\u3066\u3001\u672c\u30dd\u30ea\u30b7\u30fc\u3092\u6539\u5b9a\u3059\u308b\u5834\u5408\u304c\u3042\u308a\u307e\u3059\u3002<\/span>\n\n<h3><b>7. \u304a\u554f\u3044\u5408\u308f\u305b\u5148<\/b><\/h3>\n<b>NippoUp<\/b><b>\n<\/b><span style=\"font-weight: 400;\">Email: <\/span><b>contact@nippoup.jp<\/b><b>\n<\/b><span style=\"font-weight: 400;\">Tel: <\/span><b>049-210-1210<\/b><b>\n<\/b><span style=\"font-weight: 400;\">Tel: <\/span><b>080-4220-3042<\/b><b><\/b>\t\t\t\t\t\t\t\t<\/div>\n\t\t\t\t<\/div>\n\t\t\t\t\t<\/div>\n\t\t\t\t<\/div>\n\t\t<div class=\"elementor-element elementor-element-31b76c9 e-flex e-con-boxed e-con e-parent\" data-id=\"31b76c9\" data-element_type=\"container\" data-e-type=\"container\">\n\t\t\t\t\t<div class=\"e-con-inner\">\n\t\t\t\t<div class=\"elementor-element elementor-element-8ff2d96 elementor-widget elementor-widget-html\" data-id=\"8ff2d96\" data-element_type=\"widget\" data-e-type=\"widget\" data-widget_type=\"html.default\">\n\t\t\t\t\t<script> \n    const elementosEB = document.querySelectorAll(\".scroll-eb\");\n\n    setTimeout(function() {\n        elementosEB.forEach(function(elemento) {\n            elemento.classList.add(\"eb\");\n        });\n    }, 500);\n<\/script>\n\n<style>\n.eb {\n    opacity: 1 !important;\n    transition: 0.8s !important;\n    transform: translateY(0px) !important;\n}\n<\/style>\n\t\t\t\t<\/div>\n\t\t\t\t\t<\/div>\n\t\t\t\t<\/div>\n\t\t\t\t<\/div>\n\t\t","protected":false},"excerpt":{"rendered":"<p>Termos de Uso 2. Termos de Uso \u00daltima atualiza\u00e7\u00e3o: [Last Updated] Estes Termos de Uso regulam o uso do site nippoup.jp, operado pela NippoUp (\u201ca Empresa\u201d). Ao acessar ou utilizar este site, o usu\u00e1rio concorda com estes Termos de Uso. 1. Finalidade do site Este site \u00e9 disponibilizado para fins institucionais e informativos, incluindo a apresenta\u00e7\u00e3o dos servi\u00e7os, capacidades, projetos e canais de contato comercial da NippoUp. As informa\u00e7\u00f5es deste site, por si s\u00f3, n\u00e3o constituem oferta contratual vinculante, garantia de resultados ou proposta comercial final. 2. Uso permitido Os usu\u00e1rios concordam em utilizar este site de forma l\u00edcita e adequada e n\u00e3o dever\u00e3o: violar leis, regulamentos ou os direitos [&hellip;]<\/p>\n","protected":false},"author":1,"featured_media":0,"parent":0,"menu_order":0,"comment_status":"closed","ping_status":"closed","template":"elementor_header_footer","meta":{"_acf_changed":false,"footnotes":""},"class_list":["post-2186","page","type-page","status-publish","hentry"],"acf":[],"_links":{"self":[{"href":"https:\/\/nippoup.jp\/ja\/wp-json\/wp\/v2\/pages\/2186","targetHints":{"allow":["GET"]}}],"collection":[{"href":"https:\/\/nippoup.jp\/ja\/wp-json\/wp\/v2\/pages"}],"about":[{"href":"https:\/\/nippoup.jp\/ja\/wp-json\/wp\/v2\/types\/page"}],"author":[{"embeddable":true,"href":"https:\/\/nippoup.jp\/ja\/wp-json\/wp\/v2\/users\/1"}],"replies":[{"embeddable":true,"href":"https:\/\/nippoup.jp\/ja\/wp-json\/wp\/v2\/comments?post=2186"}],"version-history":[{"count":0,"href":"https:\/\/nippoup.jp\/ja\/wp-json\/wp\/v2\/pages\/2186\/revisions"}],"wp:attachment":[{"href":"https:\/\/nippoup.jp\/ja\/wp-json\/wp\/v2\/media?parent=2186"}],"curies":[{"name":"wp","href":"https:\/\/api.w.org\/{rel}","templated":true}]}}