{"id":2162,"date":"2026-04-08T12:59:42","date_gmt":"2026-04-08T15:59:42","guid":{"rendered":"https:\/\/nippoup.jp\/?page_id=2162"},"modified":"2026-04-17T12:48:13","modified_gmt":"2026-04-17T15:48:13","slug":"politicas-de-privacidade","status":"publish","type":"page","link":"https:\/\/nippoup.jp\/ja\/politicas-de-privacidade\/","title":{"rendered":"\u30d7\u30e9\u30a4\u30d0\u30b7\u30fc\u30dd\u30ea\u30b7\u30fc"},"content":{"rendered":"\t\t<div data-elementor-type=\"wp-page\" data-elementor-id=\"2162\" class=\"elementor elementor-2162\" data-elementor-post-type=\"page\">\n\t\t\t\t<div class=\"elementor-element elementor-element-0a886b9 nipp-hero e-flex e-con-boxed e-con e-parent\" data-id=\"0a886b9\" data-element_type=\"container\" data-e-type=\"container\" data-settings=\"{&quot;background_background&quot;:&quot;classic&quot;}\">\n\t\t\t\t\t<div class=\"e-con-inner\">\n\t\t<div class=\"elementor-element elementor-element-9965c4a e-con-full e-flex e-con e-child\" data-id=\"9965c4a\" data-element_type=\"container\" data-e-type=\"container\" data-settings=\"{&quot;background_background&quot;:&quot;classic&quot;}\" data-no-translation=\"\">\n\t\t\t\t<div class=\"elementor-element elementor-element-3e57fdd elementor-widget-mobile__width-initial block-reveal elementor-widget elementor-widget-heading\" data-id=\"3e57fdd\" data-element_type=\"widget\" data-e-type=\"widget\" data-block-color=\"#00E5B0\" data-stagger=\"0.15\" data-duration=\"0.45\" data-delay=\"0\" data-widget_type=\"heading.default\">\n\t\t\t\t\t<h2 class=\"elementor-heading-title elementor-size-default\">\u30d7\u30e9\u30a4\u30d0\u30b7\u30fc\u30dd\u30ea\u30b7\u30fc\n<\/h2>\t\t\t\t<\/div>\n\t\t\t\t<div class=\"elementor-element elementor-element-5375349 elementor-widget elementor-widget-text-editor\" data-id=\"5375349\" data-element_type=\"widget\" data-e-type=\"widget\" data-widget_type=\"text-editor.default\">\n\t\t\t\t\t\t\t\t\t<h3><b>1. \u30d7\u30e9\u30a4\u30d0\u30b7\u30fc\u30dd\u30ea\u30b7\u30fc<\/b><\/h3>\n<span style=\"font-weight: 400;\">\u6700\u7d42\u66f4\u65b0\u65e5\uff1a [\u6700\u7d42\u66f4\u65b0\u65e5]<\/span>\n\n<span style=\"font-weight: 400;\">NippoUp\uff08\u4ee5\u4e0b\u300c\u5f53\u793e\u300d\u3068\u3044\u3044\u307e\u3059\uff09\u306f\u3001\u5f53\u793e\u30a6\u30a7\u30d6\u30b5\u30a4\u30c8 nippoup.jp \u3092\u5229\u7528\u3055\u308c\u308b\u7686\u69d8\u306e\u30d7\u30e9\u30a4\u30d0\u30b7\u30fc\u3092\u5c0a\u91cd\u3057\u3001\u5f53\u30b5\u30a4\u30c8\u3092\u901a\u3058\u3066\u53d6\u5f97\u3059\u308b\u500b\u4eba\u60c5\u5831\u306e\u9069\u5207\u306a\u4fdd\u8b77\u306b\u52aa\u3081\u307e\u3059\u3002<\/span>\n\n<span style=\"font-weight: 400;\">\u672c\u30d7\u30e9\u30a4\u30d0\u30b7\u30fc\u30dd\u30ea\u30b7\u30fc\u306f\u3001\u5f53\u793e\u304c\u672c\u30b5\u30a4\u30c8\u3092\u901a\u3058\u3066\u53d6\u5f97\u3059\u308b\u60c5\u5831\u3001\u305d\u306e\u5229\u7528\u76ee\u7684\u3001\u7ba1\u7406\u65b9\u6cd5\u7b49\u306b\u3064\u3044\u3066\u5b9a\u3081\u308b\u3082\u306e\u3067\u3059\u3002<\/span>\n\n<h3><b>1. \u53d6\u5f97\u3059\u308b\u60c5\u5831<\/b><\/h3>\n<span style=\"font-weight: 400;\">\u5f53\u793e\u306f\u3001\u304a\u554f\u3044\u5408\u308f\u305b\u30d5\u30a9\u30fc\u30e0\u3001\u30b5\u30a4\u30c8\u95b2\u89a7\u3001\u5206\u6790\u30c4\u30fc\u30eb\u7b49\u3092\u901a\u3058\u3066\u3001\u4ee5\u4e0b\u306e\u60c5\u5831\u3092\u53d6\u5f97\u3059\u308b\u5834\u5408\u304c\u3042\u308a\u307e\u3059\u3002<\/span>\n<ul>\n \t<li style=\"font-weight: 400;\" aria-level=\"1\"><span style=\"font-weight: 400;\">\u6c0f\u540d<\/span><\/li>\n \t<li style=\"font-weight: 400;\" aria-level=\"1\"><span style=\"font-weight: 400;\">\u30e1\u30fc\u30eb\u30a2\u30c9\u30ec\u30b9<\/span><\/li>\n \t<li style=\"font-weight: 400;\" aria-level=\"1\"><span style=\"font-weight: 400;\">\u4f1a\u793e\u540d<\/span><\/li>\n \t<li style=\"font-weight: 400;\" aria-level=\"1\"><span style=\"font-weight: 400;\">\u5f79\u8077<\/span><\/li>\n \t<li style=\"font-weight: 400;\" aria-level=\"1\"><span style=\"font-weight: 400;\">\u96fb\u8a71\u756a\u53f7\uff08\u4efb\u610f\u5165\u529b\u306e\u5834\u5408\u3092\u542b\u3080\uff09<\/span><\/li>\n \t<li style=\"font-weight: 400;\" aria-level=\"1\"><span style=\"font-weight: 400;\">\u304a\u554f\u3044\u5408\u308f\u305b\u5185\u5bb9<\/span><\/li>\n \t<li style=\"font-weight: 400;\" aria-level=\"1\"><span style=\"font-weight: 400;\">\u3054\u76f8\u8ac7\u5185\u5bb9\u3001\u95a2\u5fc3\u306e\u3042\u308b\u30b5\u30fc\u30d3\u30b9\u3084\u30d7\u30ed\u30b8\u30a7\u30af\u30c8\u306b\u95a2\u3059\u308b\u60c5\u5831<\/span><\/li>\n \t<li style=\"font-weight: 400;\" aria-level=\"1\"><span style=\"font-weight: 400;\">IP\u30a2\u30c9\u30ec\u30b9\u3001\u30d6\u30e9\u30a6\u30b6\u306e\u7a2e\u985e\u3001\u7aef\u672b\u60c5\u5831\u3001\u95b2\u89a7\u30da\u30fc\u30b8\u3001\u30a2\u30af\u30bb\u30b9\u65e5\u6642\u3001\u30b5\u30a4\u30c8\u4e0a\u3067\u306e\u884c\u52d5\u5c65\u6b74\u7b49\u306e\u6280\u8853\u7684\u60c5\u5831<\/span><\/li>\n<\/ul>\n\n<h3><b>2. \u5229\u7528\u76ee\u7684<\/b><\/h3>\n<span style=\"font-weight: 400;\">\u53d6\u5f97\u3057\u305f\u60c5\u5831\u306f\u3001\u4ee5\u4e0b\u306e\u76ee\u7684\u306e\u305f\u3081\u306b\u5229\u7528\u3057\u307e\u3059\u3002<\/span>\n<ul>\n \t<li style=\"font-weight: 400;\" aria-level=\"1\"><span style=\"font-weight: 400;\">\u304a\u554f\u3044\u5408\u308f\u305b\u3078\u306e\u56de\u7b54<\/span><\/li>\n \t<li style=\"font-weight: 400;\" aria-level=\"1\"><span style=\"font-weight: 400;\">\u6253\u3061\u5408\u308f\u305b\u3001\u9762\u8ac7\u3001\u63d0\u6848\u3001\u5546\u8ac7\u7b49\u306e\u3054\u9023\u7d61<\/span><\/li>\n \t<li style=\"font-weight: 400;\" aria-level=\"1\"><span style=\"font-weight: 400;\">\u3054\u76f8\u8ac7\u5185\u5bb9\u306e\u628a\u63e1\u304a\u3088\u3073\u9069\u5207\u306a\u30b5\u30fc\u30d3\u30b9\u63d0\u6848<\/span><\/li>\n \t<li style=\"font-weight: 400;\" aria-level=\"1\"><span style=\"font-weight: 400;\">\u5f53\u30b5\u30a4\u30c8\u306e\u6539\u5584\u304a\u3088\u3073\u5229\u4fbf\u6027\u5411\u4e0a<\/span><\/li>\n \t<li style=\"font-weight: 400;\" aria-level=\"1\"><span style=\"font-weight: 400;\">\u30b5\u30a4\u30c8\u306e\u5229\u7528\u72b6\u6cc1\u3001\u5e83\u544a\u65bd\u7b56\u3001\u6d41\u5165\u7d4c\u8def\u7b49\u306e\u5206\u6790<\/span><\/li>\n \t<li style=\"font-weight: 400;\" aria-level=\"1\"><span style=\"font-weight: 400;\">\u5f53\u793e\u30b5\u30fc\u30d3\u30b9\u306b\u95a2\u3059\u308b\u55b6\u696d\u4e0a\u307e\u305f\u306f\u696d\u52d9\u4e0a\u306e\u3054\u6848\u5185<\/span><\/li>\n \t<li style=\"font-weight: 400;\" aria-level=\"1\"><span style=\"font-weight: 400;\">\u6cd5\u4ee4\u7b49\u306b\u57fa\u3065\u304f\u5bfe\u5fdc<\/span><\/li>\n<\/ul>\n\n<h3><b>3. \u5229\u7528\u304a\u3088\u3073\u53d6\u6271\u3044<\/b><\/h3>\n<span style=\"font-weight: 400;\">\u5229\u7528\u8005\u304c\u672c\u30b5\u30a4\u30c8\u3092\u5229\u7528\u3057\u3001\u30d5\u30a9\u30fc\u30e0\u7b49\u3092\u901a\u3058\u3066\u60c5\u5831\u3092\u9001\u4fe1\u3057\u305f\u5834\u5408\u3001\u5f53\u793e\u306f\u672c\u30dd\u30ea\u30b7\u30fc\u306b\u57fa\u3065\u304d\u3001\u5fc5\u8981\u306a\u7bc4\u56f2\u3067\u5f53\u8a72\u60c5\u5831\u3092\u53d6\u308a\u6271\u3046\u3082\u306e\u3068\u3057\u307e\u3059\u3002<\/span>\n\n<h3><b>4. \u7b2c\u4e09\u8005\u63d0\u4f9b<\/b><\/h3>\n<span style=\"font-weight: 400;\">\u5f53\u793e\u306f\u3001\u6cd5\u4ee4\u306b\u57fa\u3065\u304f\u5834\u5408\u3092\u9664\u304d\u3001\u672c\u4eba\u306e\u540c\u610f\u306a\u304f\u500b\u4eba\u60c5\u5831\u3092\u7b2c\u4e09\u8005\u306b\u8ca9\u58f2\u307e\u305f\u306f\u4e0d\u5fc5\u8981\u306b\u63d0\u4f9b\u3059\u308b\u3053\u3068\u306f\u3042\u308a\u307e\u305b\u3093\u3002<\/span>\n\n<span style=\"font-weight: 400;\">\u305f\u3060\u3057\u3001\u4ee5\u4e0b\u306e\u5834\u5408\u306b\u306f\u3001\u5fc5\u8981\u306a\u7bc4\u56f2\u3067\u60c5\u5831\u3092\u5171\u6709\u3059\u308b\u3053\u3068\u304c\u3042\u308a\u307e\u3059\u3002<\/span>\n<ul>\n \t<li style=\"font-weight: 400;\" aria-level=\"1\"><span style=\"font-weight: 400;\">\u30db\u30b9\u30c6\u30a3\u30f3\u30b0\u3001\u89e3\u6790\u3001CRM\u3001\u30e1\u30fc\u30eb\u914d\u4fe1\u3001\u696d\u52d9\u904b\u7528\u7b49\u306e\u5916\u90e8\u30b5\u30fc\u30d3\u30b9\u63d0\u4f9b\u4e8b\u696d\u8005<\/span><\/li>\n \t<li style=\"font-weight: 400;\" aria-level=\"1\"><span style=\"font-weight: 400;\">\u5f53\u793e\u306e\u696d\u52d9\u9042\u884c\u306b\u5fc5\u8981\u306a\u6280\u8853\u30d1\u30fc\u30c8\u30ca\u30fc\u307e\u305f\u306f\u696d\u52d9\u59d4\u8a17\u5148<\/span><\/li>\n \t<li style=\"font-weight: 400;\" aria-level=\"1\"><span style=\"font-weight: 400;\">\u6cd5\u4ee4\u3001\u88c1\u5224\u6240\u547d\u4ee4\u3001\u884c\u653f\u6a5f\u95a2\u7b49\u306b\u3088\u308a\u958b\u793a\u304c\u5fc5\u8981\u3068\u306a\u308b\u5834\u5408<\/span><\/li>\n<\/ul>\n\n<h3><b>5. \u5916\u90e8\u30b5\u30fc\u30d3\u30b9\u306e\u5229\u7528<\/b><\/h3>\n<span style=\"font-weight: 400;\">\u5f53\u30b5\u30a4\u30c8\u3067\u306f\u3001\u4ee5\u4e0b\u3092\u542b\u3080\u5916\u90e8\u30b5\u30fc\u30d3\u30b9\u3092\u5229\u7528\u3059\u308b\u5834\u5408\u304c\u3042\u308a\u307e\u3059\u3002<\/span>\n<ul>\n \t<li style=\"font-weight: 400;\" aria-level=\"1\"><span style=\"font-weight: 400;\">Google Analytics<\/span><\/li>\n \t<li style=\"font-weight: 400;\" aria-level=\"1\"><span style=\"font-weight: 400;\">Google Ads<\/span><\/li>\n \t<li style=\"font-weight: 400;\" aria-level=\"1\"><span style=\"font-weight: 400;\">Meta Pixel \/ Meta\u5e83\u544a\u95a2\u9023\u30b5\u30fc\u30d3\u30b9<\/span><\/li>\n \t<li style=\"font-weight: 400;\" aria-level=\"1\"><span style=\"font-weight: 400;\">\u30d5\u30a9\u30fc\u30e0\u3001CRM\u3001\u30aa\u30fc\u30c8\u30e1\u30fc\u30b7\u30e7\u30f3\u95a2\u9023\u30b5\u30fc\u30d3\u30b9<\/span><\/li>\n \t<li style=\"font-weight: 400;\" aria-level=\"1\"><span style=\"font-weight: 400;\">\u30db\u30b9\u30c6\u30a3\u30f3\u30b0\u3001\u30bb\u30ad\u30e5\u30ea\u30c6\u30a3\u3001\u76e3\u8996\u95a2\u9023\u30b5\u30fc\u30d3\u30b9<\/span><\/li>\n<\/ul>\n<span style=\"font-weight: 400;\">\u3053\u308c\u3089\u306e\u30b5\u30fc\u30d3\u30b9\u306f\u3001\u305d\u308c\u305e\u308c\u72ec\u81ea\u306e\u30dd\u30ea\u30b7\u30fc\u306b\u57fa\u3065\u3044\u3066\u60c5\u5831\u3092\u53d6\u5f97\u30fb\u5229\u7528\u3059\u308b\u5834\u5408\u304c\u3042\u308a\u307e\u3059\u3002<\/span>\n\n<h3><b>6. \u4fdd\u7ba1\u671f\u9593<\/b><\/h3>\n<span style=\"font-weight: 400;\">\u53d6\u5f97\u3057\u305f\u60c5\u5831\u306f\u3001\u672c\u30dd\u30ea\u30b7\u30fc\u306b\u5b9a\u3081\u308b\u5229\u7528\u76ee\u7684\u306e\u9054\u6210\u306b\u5fc5\u8981\u306a\u671f\u9593\u3001\u307e\u305f\u306f\u6cd5\u4ee4\u4e0a\u5fc5\u8981\u306a\u671f\u9593\u4fdd\u7ba1\u3059\u308b\u5834\u5408\u304c\u3042\u308a\u307e\u3059\u3002<\/span>\n\n<h3><b>7. \u5b89\u5168\u7ba1\u7406<\/b><\/h3>\n<span style=\"font-weight: 400;\">\u5f53\u793e\u306f\u3001\u500b\u4eba\u60c5\u5831\u3078\u306e\u4e0d\u6b63\u30a2\u30af\u30bb\u30b9\u3001\u6f0f\u3048\u3044\u3001\u6ec5\u5931\u3001\u6bc0\u640d\u7b49\u3092\u9632\u6b62\u3059\u308b\u305f\u3081\u3001\u5408\u7406\u7684\u306a\u5b89\u5168\u7ba1\u7406\u63aa\u7f6e\u3092\u8b1b\u3058\u307e\u3059\u3002<\/span>\n\n<span style=\"font-weight: 400;\">\u305f\u3060\u3057\u3001\u30a4\u30f3\u30bf\u30fc\u30cd\u30c3\u30c8\u901a\u4fe1\u304a\u3088\u3073\u96fb\u5b50\u7684\u4fdd\u7ba1\u65b9\u6cd5\u306e\u6027\u8cea\u4e0a\u3001\u5b8c\u5168\u306a\u5b89\u5168\u6027\u3092\u4fdd\u8a3c\u3059\u308b\u3082\u306e\u3067\u306f\u3042\u308a\u307e\u305b\u3093\u3002<\/span>\n\n<h3><b>8. \u958b\u793a\u30fb\u8a02\u6b63\u30fb\u524a\u9664\u7b49<\/b><\/h3>\n<span style=\"font-weight: 400;\">\u5229\u7528\u8005\u306f\u3001\u6cd5\u4ee4\u306e\u7bc4\u56f2\u5185\u3067\u3001\u81ea\u5df1\u306b\u95a2\u3059\u308b\u500b\u4eba\u60c5\u5831\u306b\u3064\u3044\u3066\u3001\u958b\u793a\u3001\u8a02\u6b63\u3001\u524a\u9664\u3001\u5229\u7528\u505c\u6b62\u7b49\u3092\u6c42\u3081\u308b\u3053\u3068\u304c\u3067\u304d\u307e\u3059\u3002<\/span>\n<span style=\"font-weight: 400;\">\u3054\u5e0c\u671b\u306e\u5834\u5408\u306f\u3001\u4e0b\u8a18\u306e\u304a\u554f\u3044\u5408\u308f\u305b\u5148\u307e\u3067\u3054\u9023\u7d61\u304f\u3060\u3055\u3044\u3002<\/span>\n\n<h3><b>9. \u56fd\u5916\u79fb\u8ee2<\/b><\/h3>\n<span style=\"font-weight: 400;\">\u5229\u7528\u3059\u308b\u5916\u90e8\u30b5\u30fc\u30d3\u30b9\u306e\u6027\u8cea\u4e0a\u3001\u60c5\u5831\u306e\u4e00\u90e8\u304c\u65e5\u672c\u56fd\u5916\u3067\u51e6\u7406\u307e\u305f\u306f\u4fdd\u7ba1\u3055\u308c\u308b\u5834\u5408\u304c\u3042\u308a\u307e\u3059\u3002\u305d\u306e\u5834\u5408\u3001\u5f53\u793e\u306f\u9069\u5207\u306a\u7ba1\u7406\u306b\u52aa\u3081\u307e\u3059\u3002<\/span>\n\n<h3><b>10. \u6539\u5b9a<\/b><\/h3>\n<span style=\"font-weight: 400;\">\u5f53\u793e\u306f\u3001\u5fc5\u8981\u306b\u5fdc\u3058\u3066\u672c\u30dd\u30ea\u30b7\u30fc\u3092\u5909\u66f4\u3059\u308b\u3053\u3068\u304c\u3042\u308a\u307e\u3059\u3002\u5909\u66f4\u5f8c\u306e\u5185\u5bb9\u306f\u3001\u672c\u30b5\u30a4\u30c8\u4e0a\u306b\u63b2\u8f09\u3057\u305f\u6642\u70b9\u304b\u3089\u52b9\u529b\u3092\u751f\u3058\u307e\u3059\u3002<\/span>\n\n<h3><b>11. \u304a\u554f\u3044\u5408\u308f\u305b\u5148<\/b><\/h3>\n<b>NippoUp<\/b><b>\n<\/b><span style=\"font-weight: 400;\">Email: <\/span><b>contact@nippoup.jp<\/b><b>\n<\/b><span style=\"font-weight: 400;\">Tel: <\/span><b>049-210-1210<\/b><b>\n<\/b><span style=\"font-weight: 400;\">Tel: <\/span><b>080-4220-3042<\/b><b><\/b>\t\t\t\t\t\t\t\t<\/div>\n\t\t\t\t<\/div>\n\t\t\t\t\t<\/div>\n\t\t\t\t<\/div>\n\t\t<div class=\"elementor-element elementor-element-31b76c9 e-flex e-con-boxed e-con e-parent\" data-id=\"31b76c9\" data-element_type=\"container\" data-e-type=\"container\">\n\t\t\t\t\t<div class=\"e-con-inner\">\n\t\t\t\t<div class=\"elementor-element elementor-element-8ff2d96 elementor-widget elementor-widget-html\" data-id=\"8ff2d96\" data-element_type=\"widget\" data-e-type=\"widget\" data-widget_type=\"html.default\">\n\t\t\t\t\t<script> \n    const elementosEB = document.querySelectorAll(\".scroll-eb\");\n\n    setTimeout(function() {\n        elementosEB.forEach(function(elemento) {\n            elemento.classList.add(\"eb\");\n        });\n    }, 500);\n<\/script>\n\n<style>\n.eb {\n    opacity: 1 !important;\n    transition: 0.8s !important;\n    transform: translateY(0px) !important;\n}\n<\/style>\n\t\t\t\t<\/div>\n\t\t\t\t\t<\/div>\n\t\t\t\t<\/div>\n\t\t\t\t<\/div>\n\t\t","protected":false},"excerpt":{"rendered":"<p>Pol\u00edticas de Privacidade \u00daltima atualiza\u00e7\u00e3o: [Last Updated] A NippoUp (\u201cn\u00f3s\u201d, \u201cnosso\u201d ou \u201ca Empresa\u201d) respeita a privacidade dos visitantes de nippoup.jp e est\u00e1 comprometida em proteger as informa\u00e7\u00f5es pessoais coletadas por meio deste site. Esta Pol\u00edtica de Privacidade explica quais informa\u00e7\u00f5es coletamos, como as utilizamos, como as armazenamos e como as protegemos. 1. Informa\u00e7\u00f5es que coletamos Podemos coletar as seguintes informa\u00e7\u00f5es por meio de formul\u00e1rios de contato, uso do site e ferramentas de an\u00e1lise: nome endere\u00e7o de e-mail nome da empresa cargo n\u00famero de telefone, se fornecido conte\u00fado da mensagem enviada por meio de formul\u00e1rios informa\u00e7\u00f5es sobre o projeto ou servi\u00e7os de interesse informa\u00e7\u00f5es t\u00e9cnicas como endere\u00e7o IP, tipo de [&hellip;]<\/p>\n","protected":false},"author":1,"featured_media":0,"parent":0,"menu_order":0,"comment_status":"closed","ping_status":"closed","template":"elementor_header_footer","meta":{"_acf_changed":false,"footnotes":""},"class_list":["post-2162","page","type-page","status-publish","hentry"],"acf":[],"_links":{"self":[{"href":"https:\/\/nippoup.jp\/ja\/wp-json\/wp\/v2\/pages\/2162","targetHints":{"allow":["GET"]}}],"collection":[{"href":"https:\/\/nippoup.jp\/ja\/wp-json\/wp\/v2\/pages"}],"about":[{"href":"https:\/\/nippoup.jp\/ja\/wp-json\/wp\/v2\/types\/page"}],"author":[{"embeddable":true,"href":"https:\/\/nippoup.jp\/ja\/wp-json\/wp\/v2\/users\/1"}],"replies":[{"embeddable":true,"href":"https:\/\/nippoup.jp\/ja\/wp-json\/wp\/v2\/comments?post=2162"}],"version-history":[{"count":0,"href":"https:\/\/nippoup.jp\/ja\/wp-json\/wp\/v2\/pages\/2162\/revisions"}],"wp:attachment":[{"href":"https:\/\/nippoup.jp\/ja\/wp-json\/wp\/v2\/media?parent=2162"}],"curies":[{"name":"wp","href":"https:\/\/api.w.org\/{rel}","templated":true}]}}