{"id":1876,"date":"2026-04-06T10:55:12","date_gmt":"2026-04-06T13:55:12","guid":{"rendered":"https:\/\/nippoup.jp\/?page_id=1876"},"modified":"2026-05-04T18:46:56","modified_gmt":"2026-05-04T21:46:56","slug":"jp-2","status":"publish","type":"page","link":"https:\/\/nippoup.jp\/en\/jp-2\/","title":{"rendered":"About Us"},"content":{"rendered":"\t\t<div data-elementor-type=\"wp-page\" data-elementor-id=\"1876\" class=\"elementor elementor-1876\" data-elementor-post-type=\"page\">\n\t\t\t\t<div class=\"elementor-element elementor-element-0a886b9 nipp-hero e-flex e-con-boxed e-con e-parent\" data-id=\"0a886b9\" data-element_type=\"container\" data-e-type=\"container\" data-settings=\"{&quot;background_background&quot;:&quot;classic&quot;}\">\n\t\t\t\t\t<div class=\"e-con-inner\">\n\t\t<div class=\"elementor-element elementor-element-484979c e-con-full quem-e-texto e-flex e-con e-child\" data-id=\"484979c\" data-element_type=\"container\" data-e-type=\"container\" data-settings=\"{&quot;background_background&quot;:&quot;classic&quot;}\">\n\t\t\t\t<div class=\"elementor-element elementor-element-a72c824 animated-slow elementor-widget-mobile__width-initial elementor-invisible elementor-widget elementor-widget-html\" data-id=\"a72c824\" data-element_type=\"widget\" data-e-type=\"widget\" data-settings=\"{&quot;_animation&quot;:&quot;fadeIn&quot;,&quot;_animation_delay&quot;:1}\" data-block-color=\"#00E5B0\" data-stagger=\"0.15\" data-duration=\"0.45\" data-delay=\"0\" data-widget_type=\"html.default\">\n\t\t\t\t\t   <div class=\"tag-titulo\">\r\n     <span class=\"bullet-dot\"><\/span>\r\nCo-Founder \/ Strategy & Business Development\r\n\r\n\r\n   <\/div>\r\n   \r\n\t\t\t\t<\/div>\n\t\t\t\t<div class=\"elementor-element elementor-element-1c7e188 elementor-widget__width-initial elementor-widget-mobile__width-initial block-reveal elementor-widget elementor-widget-heading\" data-id=\"1c7e188\" data-element_type=\"widget\" data-e-type=\"widget\" data-block-color=\"#00E5B0\" data-stagger=\"0.15\" data-duration=\"0.45\" data-delay=\"0\" data-widget_type=\"heading.default\">\n\t\t\t\t\t<h2 class=\"elementor-heading-title elementor-size-default\">Miyaji Segato Keiti\n<\/h2>\t\t\t\t<\/div>\n\t\t\t\t<div class=\"elementor-element elementor-element-c96103d elementor-widget__width-initial block-reveal elementor-widget elementor-widget-text-editor\" data-id=\"c96103d\" data-element_type=\"widget\" data-e-type=\"widget\" data-block-color=\"#00E5B0\" data-stagger=\"0.10\" data-duration=\"0.35\" data-delay=\"0\" data-widget_type=\"text-editor.default\">\n\t\t\t\t\t\t\t\t\t<p><span style=\"font-weight: 400;\">\u00a0Atua com foco em estrat\u00e9gia, desenvolvimento de neg\u00f3cios e performance empresarial, com especializa\u00e7\u00e3o em estruturas de marketing que utilizam intelig\u00eancia artificial e aplica\u00e7\u00e3o pr\u00e1tica de IA em opera\u00e7\u00f5es. Possui forma\u00e7\u00e3o em Engenharia Civil e experi\u00eancia em marketing e lideran\u00e7a no mercado japon\u00eas.<\/span><\/p>\t\t\t\t\t\t\t\t<\/div>\n\t\t\t\t<\/div>\n\t\t<div class=\"elementor-element elementor-element-d6e3447 e-con-full e-flex e-con e-child\" data-id=\"d6e3447\" data-element_type=\"container\" data-e-type=\"container\">\n\t\t\t\t<div class=\"elementor-element elementor-element-c0c1dca elementor-widget__width-inherit nipp-img elementor-widget elementor-widget-image\" data-id=\"c0c1dca\" data-element_type=\"widget\" data-e-type=\"widget\" data-widget_type=\"image.default\">\n\t\t\t\t\t\t\t\t\t\t\t\t\t\t\t<img fetchpriority=\"high\" decoding=\"async\" width=\"800\" height=\"800\" src=\"https:\/\/nippoup.jp\/wp-content\/uploads\/2026\/03\/Mask-group.webp\" class=\"attachment-large size-large wp-image-732\" alt=\"\" srcset=\"https:\/\/nippoup.jp\/wp-content\/uploads\/2026\/03\/Mask-group.webp 1024w, https:\/\/nippoup.jp\/wp-content\/uploads\/2026\/03\/Mask-group-300x300.webp 300w, https:\/\/nippoup.jp\/wp-content\/uploads\/2026\/03\/Mask-group-150x150.webp 150w, https:\/\/nippoup.jp\/wp-content\/uploads\/2026\/03\/Mask-group-768x768.webp 768w\" sizes=\"(max-width: 800px) 100vw, 800px\" \/>\t\t\t\t\t\t\t\t\t\t\t\t\t\t\t<\/div>\n\t\t\t\t<\/div>\n\t\t\t\t\t<\/div>\n\t\t\t\t<\/div>\n\t\t<div class=\"elementor-element elementor-element-15cdd24 nipp-hero e-flex e-con-boxed e-con e-parent\" data-id=\"15cdd24\" data-element_type=\"container\" data-e-type=\"container\" data-settings=\"{&quot;background_background&quot;:&quot;classic&quot;}\">\n\t\t\t\t\t<div class=\"e-con-inner\">\n\t\t<div class=\"elementor-element elementor-element-147a00f e-con-full quem-e-texto e-flex e-con e-child\" data-id=\"147a00f\" data-element_type=\"container\" data-e-type=\"container\" data-settings=\"{&quot;background_background&quot;:&quot;classic&quot;}\">\n\t\t\t\t<div class=\"elementor-element elementor-element-e26202c animated-slow elementor-widget-mobile__width-initial elementor-invisible elementor-widget elementor-widget-html\" data-id=\"e26202c\" data-element_type=\"widget\" data-e-type=\"widget\" data-settings=\"{&quot;_animation&quot;:&quot;fadeIn&quot;,&quot;_animation_delay&quot;:1}\" data-block-color=\"#00E5B0\" data-stagger=\"0.15\" data-duration=\"0.45\" data-delay=\"0\" data-widget_type=\"html.default\">\n\t\t\t\t\t   <div class=\"tag-titulo\">\r\n     <span class=\"bullet-dot\"><\/span>\r\nCo-Founder \/ Performance & Paid Media\r\n\r\n\r\n\r\n   <\/div>\r\n   \r\n\t\t\t\t<\/div>\n\t\t\t\t<div class=\"elementor-element elementor-element-3f10612 elementor-widget__width-initial elementor-widget-mobile__width-initial block-reveal elementor-widget elementor-widget-heading\" data-id=\"3f10612\" data-element_type=\"widget\" data-e-type=\"widget\" data-block-color=\"#00E5B0\" data-stagger=\"0.15\" data-duration=\"0.45\" data-delay=\"0\" data-widget_type=\"heading.default\">\n\t\t\t\t\t<h2 class=\"elementor-heading-title elementor-size-default\">Victor Ara\u00fajo Nakandakari\n<\/h2>\t\t\t\t<\/div>\n\t\t\t\t<div class=\"elementor-element elementor-element-5b98cbf elementor-widget__width-initial block-reveal elementor-widget elementor-widget-text-editor\" data-id=\"5b98cbf\" data-element_type=\"widget\" data-e-type=\"widget\" data-block-color=\"#00E5B0\" data-stagger=\"0.10\" data-duration=\"0.35\" data-delay=\"0\" data-widget_type=\"text-editor.default\">\n\t\t\t\t\t\t\t\t\t<p><span style=\"font-weight: 400;\">Especialista em marketing digital e tr\u00e1fego pago, com experi\u00eancia em campanhas orientadas \u00e0 gera\u00e7\u00e3o de leads e vendas. Atua na constru\u00e7\u00e3o de estrat\u00e9gias de aquisi\u00e7\u00e3o, otimiza\u00e7\u00e3o de m\u00eddia e integra\u00e7\u00e3o entre marketing, CRM e automa\u00e7\u00e3o.<\/span><\/p>\t\t\t\t\t\t\t\t<\/div>\n\t\t\t\t<\/div>\n\t\t<div class=\"elementor-element elementor-element-895bc18 e-con-full e-flex e-con e-child\" data-id=\"895bc18\" data-element_type=\"container\" data-e-type=\"container\">\n\t\t\t\t<div class=\"elementor-element elementor-element-dd40084 elementor-widget__width-inherit nipp-img elementor-widget elementor-widget-image\" data-id=\"dd40084\" data-element_type=\"widget\" data-e-type=\"widget\" data-widget_type=\"image.default\">\n\t\t\t\t\t\t\t\t\t\t\t\t\t\t\t<img fetchpriority=\"high\" decoding=\"async\" width=\"800\" height=\"800\" src=\"https:\/\/nippoup.jp\/wp-content\/uploads\/2026\/03\/Mask-group.webp\" class=\"attachment-large size-large wp-image-732\" alt=\"\" srcset=\"https:\/\/nippoup.jp\/wp-content\/uploads\/2026\/03\/Mask-group.webp 1024w, https:\/\/nippoup.jp\/wp-content\/uploads\/2026\/03\/Mask-group-300x300.webp 300w, https:\/\/nippoup.jp\/wp-content\/uploads\/2026\/03\/Mask-group-150x150.webp 150w, https:\/\/nippoup.jp\/wp-content\/uploads\/2026\/03\/Mask-group-768x768.webp 768w\" sizes=\"(max-width: 800px) 100vw, 800px\" \/>\t\t\t\t\t\t\t\t\t\t\t\t\t\t\t<\/div>\n\t\t\t\t<\/div>\n\t\t\t\t\t<\/div>\n\t\t\t\t<\/div>\n\t\t<div class=\"elementor-element elementor-element-6954138 nipp-hero e-flex e-con-boxed e-con e-parent\" data-id=\"6954138\" data-element_type=\"container\" data-e-type=\"container\" data-settings=\"{&quot;background_background&quot;:&quot;classic&quot;}\">\n\t\t\t\t\t<div class=\"e-con-inner\">\n\t\t<div class=\"elementor-element elementor-element-1e51342 e-con-full quem-e-texto e-flex e-con e-child\" data-id=\"1e51342\" data-element_type=\"container\" data-e-type=\"container\" data-settings=\"{&quot;background_background&quot;:&quot;classic&quot;}\">\n\t\t\t\t<div class=\"elementor-element elementor-element-107fc45 animated-slow elementor-widget-mobile__width-initial elementor-invisible elementor-widget elementor-widget-html\" data-id=\"107fc45\" data-element_type=\"widget\" data-e-type=\"widget\" data-settings=\"{&quot;_animation&quot;:&quot;fadeIn&quot;,&quot;_animation_delay&quot;:1}\" data-block-color=\"#00E5B0\" data-stagger=\"0.15\" data-duration=\"0.45\" data-delay=\"0\" data-widget_type=\"html.default\">\n\t\t\t\t\t   <div class=\"tag-titulo\">\r\n     <span class=\"bullet-dot\"><\/span>\r\nStrategic Partner \/ Digital Solutions\r\n\r\n\r\n   <\/div>\r\n   \r\n\t\t\t\t<\/div>\n\t\t\t\t<div class=\"elementor-element elementor-element-965206b elementor-widget__width-initial elementor-widget-mobile__width-initial block-reveal elementor-widget elementor-widget-heading\" data-id=\"965206b\" data-element_type=\"widget\" data-e-type=\"widget\" data-block-color=\"#00E5B0\" data-stagger=\"0.15\" data-duration=\"0.45\" data-delay=\"0\" data-widget_type=\"heading.default\">\n\t\t\t\t\t<h2 class=\"elementor-heading-title elementor-size-default\">William Koga Manzano\n<\/h2>\t\t\t\t<\/div>\n\t\t\t\t<div class=\"elementor-element elementor-element-d582199 elementor-widget__width-initial block-reveal elementor-widget elementor-widget-text-editor\" data-id=\"d582199\" data-element_type=\"widget\" data-e-type=\"widget\" data-block-color=\"#00E5B0\" data-stagger=\"0.10\" data-duration=\"0.35\" data-delay=\"0\" data-widget_type=\"text-editor.default\">\n\t\t\t\t\t\t\t\t\t<p><span style=\"font-weight: 400;\">Profissional da \u00e1rea de tecnologia com foco em desenvolvimento de sistemas, automa\u00e7\u00f5es e solu\u00e7\u00f5es SaaS. Atua na cria\u00e7\u00e3o de arquiteturas digitais, integra\u00e7\u00e3o de sistemas e ferramentas voltadas \u00e0 escalabilidade e efici\u00eancia operacional.<\/span><\/p>\t\t\t\t\t\t\t\t<\/div>\n\t\t\t\t<\/div>\n\t\t<div class=\"elementor-element elementor-element-e92c90d e-con-full e-flex e-con e-child\" data-id=\"e92c90d\" data-element_type=\"container\" data-e-type=\"container\">\n\t\t\t\t<div class=\"elementor-element elementor-element-400d6e2 elementor-widget__width-inherit nipp-img elementor-widget elementor-widget-image\" data-id=\"400d6e2\" data-element_type=\"widget\" data-e-type=\"widget\" data-widget_type=\"image.default\">\n\t\t\t\t\t\t\t\t\t\t\t\t\t\t\t<img fetchpriority=\"high\" decoding=\"async\" width=\"800\" height=\"800\" src=\"https:\/\/nippoup.jp\/wp-content\/uploads\/2026\/03\/Mask-group.webp\" class=\"attachment-large size-large wp-image-732\" alt=\"\" srcset=\"https:\/\/nippoup.jp\/wp-content\/uploads\/2026\/03\/Mask-group.webp 1024w, https:\/\/nippoup.jp\/wp-content\/uploads\/2026\/03\/Mask-group-300x300.webp 300w, https:\/\/nippoup.jp\/wp-content\/uploads\/2026\/03\/Mask-group-150x150.webp 150w, https:\/\/nippoup.jp\/wp-content\/uploads\/2026\/03\/Mask-group-768x768.webp 768w\" sizes=\"(max-width: 800px) 100vw, 800px\" \/>\t\t\t\t\t\t\t\t\t\t\t\t\t\t\t<\/div>\n\t\t\t\t<\/div>\n\t\t\t\t\t<\/div>\n\t\t\t\t<\/div>\n\t\t<div class=\"elementor-element elementor-element-31b76c9 e-flex e-con-boxed e-con e-parent\" data-id=\"31b76c9\" data-element_type=\"container\" data-e-type=\"container\">\n\t\t\t\t\t<div class=\"e-con-inner\">\n\t\t\t\t<div class=\"elementor-element elementor-element-8ff2d96 elementor-widget elementor-widget-html\" data-id=\"8ff2d96\" data-element_type=\"widget\" data-e-type=\"widget\" data-widget_type=\"html.default\">\n\t\t\t\t\t<script> \n    const elementosEB = document.querySelectorAll(\".scroll-eb\");\n\n    setTimeout(function() {\n        elementosEB.forEach(function(elemento) {\n            elemento.classList.add(\"eb\");\n        });\n    }, 500);\n<\/script>\n\n<style>\n.eb {\n    opacity: 1 !important;\n    transition: 0.8s !important;\n    transform: translateY(0px) !important;\n}\n<\/style>\n\t\t\t\t<\/div>\n\t\t\t\t<div class=\"elementor-element elementor-element-efdae67 elementor-widget elementor-widget-html\" data-id=\"efdae67\" data-element_type=\"widget\" data-e-type=\"widget\" data-widget_type=\"html.default\">\n\t\t\t\t\t<script>\n(function () {\n    if (\n        typeof elementorFrontend !== \"undefined\" &&\n        elementorFrontend.isEditMode()\n    ) {\n        return;\n    }\n    document.addEventListener(\"DOMContentLoaded\", function () {\n        const lazyVideos = Array.from(\n            document.querySelectorAll(\"video.lazy\")\n        );\n        if (!lazyVideos.length) return;\n        let userHasInteracted = false;\n        \n        function habilitarVideos() {\n            if (userHasInteracted) return;\n            userHasInteracted = true;\n            \n            lazyVideos.forEach((video) => {\n                Array.from(video.children).forEach((source) => {\n                    if (\n                        source.tagName === \"SOURCE\" &&\n                        source.dataset.src\n                    ) {\n                        source.src = source.dataset.src;\n                    }\n                });\n                \n                video.load();\n                \n                const playPromise = video.play();\n                if (playPromise !== undefined) {\n                    playPromise\n                        .then(() => {\n                            video.classList.remove(\"lazy\");\n                            const wrap = video.closest(\".video-lazy-wrap\");\n                            if (wrap) {\n                                wrap.classList.add(\"video-ready\");\n                            }\n                        })\n                        .catch(() => {\n                            video.classList.remove(\"lazy\");\n                            const wrap = video.closest(\".video-lazy-wrap\");\n                            if (wrap) {\n                                wrap.classList.add(\"video-failed\");\n                            }\n                        });\n                }\n            });\n            \n            [\n                \"click\",\n                \"touchstart\",\n                \"keydown\",\n                \"mousedown\",\n                \"mousemove\",\n                \"scroll\",\n                \"pointerdown\",\n            ].forEach((evento) =>\n                document.removeEventListener(evento, habilitarVideos)\n            );\n        }\n        \n        habilitarVideos();\n    });\n})();\n<\/script>\n\n<script>\ndocument.addEventListener('DOMContentLoaded', function() {\n  document.querySelectorAll('.video-lazy-wrap video').forEach(function(video) {\n    video.addEventListener('timeupdate', function() {\n      var timeLeft = video.duration - video.currentTime;\n      if (timeLeft < 1) {\n        video.style.opacity = Math.max(0, timeLeft \/ 1);\n      } else if (video.currentTime < 1) {\n        video.style.opacity = Math.min(1, video.currentTime \/ 1);\n      }\n    });\n  });\n});\n<\/script>\n\t\t\t\t<\/div>\n\t\t\t\t\t<\/div>\n\t\t\t\t<\/div>\n\t\t\t\t<\/div>\n\t\t","protected":false},"excerpt":{"rendered":"<p>NippoUp supports companies in growing, increasing sales, and improving operational efficiency through marketing technology and implementation support.<\/p>","protected":false},"author":1,"featured_media":0,"parent":0,"menu_order":0,"comment_status":"closed","ping_status":"closed","template":"elementor_header_footer","meta":{"_acf_changed":false,"footnotes":""},"class_list":["post-1876","page","type-page","status-publish","hentry"],"acf":[],"_links":{"self":[{"href":"https:\/\/nippoup.jp\/en\/wp-json\/wp\/v2\/pages\/1876","targetHints":{"allow":["GET"]}}],"collection":[{"href":"https:\/\/nippoup.jp\/en\/wp-json\/wp\/v2\/pages"}],"about":[{"href":"https:\/\/nippoup.jp\/en\/wp-json\/wp\/v2\/types\/page"}],"author":[{"embeddable":true,"href":"https:\/\/nippoup.jp\/en\/wp-json\/wp\/v2\/users\/1"}],"replies":[{"embeddable":true,"href":"https:\/\/nippoup.jp\/en\/wp-json\/wp\/v2\/comments?post=1876"}],"version-history":[{"count":0,"href":"https:\/\/nippoup.jp\/en\/wp-json\/wp\/v2\/pages\/1876\/revisions"}],"wp:attachment":[{"href":"https:\/\/nippoup.jp\/en\/wp-json\/wp\/v2\/media?parent=1876"}],"curies":[{"name":"wp","href":"https:\/\/api.w.org\/{rel}","templated":true}]}}